{"id":106,"date":"2022-08-11T12:13:22","date_gmt":"2022-08-11T10:13:22","guid":{"rendered":"https:\/\/nextbike-live.pluspol-networks.de\/moxsi\/faq\/"},"modified":"2023-05-17T13:04:32","modified_gmt":"2023-05-17T11:04:32","slug":"faq","status":"publish","type":"page","link":"https:\/\/www.moxsi.es\/es\/faq\/","title":{"rendered":"FAQ"},"content":{"rendered":"<div class=\"wpb-content-wrapper\"><p>[vc_row ppi_row_padding=\u00bbppi_remove_padding_top\u00bb][vc_column]<div class=\"nextbike faq-intro\">\n        <div class=\"faq-intro__image\">\n        <img loading=\"lazy\" decoding=\"async\" width=\"992\" height=\"661\" src=\"https:\/\/www.moxsi.es\/wp-content\/uploads\/sites\/63\/2023\/06\/Moxsi-FAQ-992x661.png\" class=\"attachment-nex-md size-nex-md\" alt=\"\" srcset=\"https:\/\/www.moxsi.es\/wp-content\/uploads\/sites\/63\/2023\/06\/Moxsi-FAQ-992x661.png 992w, https:\/\/www.moxsi.es\/wp-content\/uploads\/sites\/63\/2023\/06\/Moxsi-FAQ-300x200.png 300w, https:\/\/www.moxsi.es\/wp-content\/uploads\/sites\/63\/2023\/06\/Moxsi-FAQ-1024x682.png 1024w, https:\/\/www.moxsi.es\/wp-content\/uploads\/sites\/63\/2023\/06\/Moxsi-FAQ-768x512.png 768w, https:\/\/www.moxsi.es\/wp-content\/uploads\/sites\/63\/2023\/06\/Moxsi-FAQ-1200x800.png 1200w, https:\/\/www.moxsi.es\/wp-content\/uploads\/sites\/63\/2023\/06\/Moxsi-FAQ-480x320.png 480w, https:\/\/www.moxsi.es\/wp-content\/uploads\/sites\/63\/2023\/06\/Moxsi-FAQ-210x140.png 210w, https:\/\/www.moxsi.es\/wp-content\/uploads\/sites\/63\/2023\/06\/Moxsi-FAQ-150x100.png 150w, https:\/\/www.moxsi.es\/wp-content\/uploads\/sites\/63\/2023\/06\/Moxsi-FAQ.png 1897w\" sizes=\"auto, (max-width: 992px) 100vw, 992px\" \/>    <\/div>\n            <div class=\"faq-intro__content\">\n                <h1 class=\"faq-intro__headline\">\n            Preguntas m\u00e1s frecuentes        <\/h1>\n                        <div class=\"faq-intro__text\">\n            \u00bfQuiere saber m\u00e1s? Aqu\u00ed encontrar\u00e1s las preguntas y respuestas m\u00e1s frecuentes sobre Moxsi.        <\/div>\n            <\/div>\n    <\/div>\n[\/vc_column][\/vc_row][vc_row ppi_row_type=\u00bbppi_bg_black\u00bb full_width=\u00bbstretch_row\u00bb][vc_column]<div class=\"nextbike faqs\"><div class=\"faq__items\"><div class=\"ppi_row faqs__items__row\"><div class=\"ppi_col-xs-12\"><h3>Registro<\/h3><\/div><div class=\"ppi_col-xs-12 ppi_col-md-6 faqs__items__column\"><h6 id=\"faq-63-registro-374\" class=\"faqs__accordion\" tabindex=\"0\" role=\"button\" aria-expanded=\"false\" aria-controls=\"faq-panel-63-registro-374\"><i role=\"presentation\" class=\"icon icon-plus\"><\/i>\u00bfC\u00f3mo puedo registrarme?<\/h6><div id=\"faq-panel-63-registro-374\" class=\"faqs__panel\" role=\"region\" aria-labelledby=\"faq-63-registro-374\"><p>Puedes inscribirte a trav\u00e9s de la web, la app y en algunos terminales de estaciones, habilitados para ello. Encontrar\u00e1s informaci\u00f3n sobre el registro en el sitio web <a href=\"https:\/\/www.moxsi.es\">https:\/\/www.moxsi.es<\/a>.<\/p>\n<\/div><\/div><div class=\"ppi_col-xs-12 ppi_col-md-6 faqs__items__column\"><\/div><\/div><div class=\"ppi_row faqs__items__row\"><div class=\"ppi_col-xs-12\"><h3>Alquilar, aparcar y devolver<\/h3><\/div><div class=\"ppi_col-xs-12 ppi_col-md-6 faqs__items__column\"><h6 id=\"faq-63-alquilar-aparcar-y-devolver-354\" class=\"faqs__accordion\" tabindex=\"0\" role=\"button\" aria-expanded=\"false\" aria-controls=\"faq-panel-63-alquilar-aparcar-y-devolver-354\"><i role=\"presentation\" class=\"icon icon-plus\"><\/i>La devoluci\u00f3n no se ha realizado correctamente. \u00bfQu\u00e9 debo hacer?<\/h6><div id=\"faq-panel-63-alquilar-aparcar-y-devolver-354\" class=\"faqs__panel\" role=\"region\" aria-labelledby=\"faq-63-alquilar-aparcar-y-devolver-354\"><p>Informa de lo sucedido en el +34 928 446 000 (010), en info@moxsi.es o a trav\u00e9s de la app en informar de un problema. Por favor, indique el n\u00famero de bicicleta, el lugar de aparcamiento y el tiempo de uso real listo.<\/p>\n<\/div><h6 id=\"faq-63-alquilar-aparcar-y-devolver-348\" class=\"faqs__accordion\" tabindex=\"0\" role=\"button\" aria-expanded=\"false\" aria-controls=\"faq-panel-63-alquilar-aparcar-y-devolver-348\"><i role=\"presentation\" class=\"icon icon-plus\"><\/i>\u00bfPuedo alquilar varios veh\u00edculos al mismo tiempo con una sola cuenta de cliente?<\/h6><div id=\"faq-panel-63-alquilar-aparcar-y-devolver-348\" class=\"faqs__panel\" role=\"region\" aria-labelledby=\"faq-63-alquilar-aparcar-y-devolver-348\"><p>No, solo uno.<\/p>\n<\/div><h6 id=\"faq-63-alquilar-aparcar-y-devolver-344\" class=\"faqs__accordion\" tabindex=\"0\" role=\"button\" aria-expanded=\"false\" aria-controls=\"faq-panel-63-alquilar-aparcar-y-devolver-344\"><i role=\"presentation\" class=\"icon icon-plus\"><\/i>\u00bfC\u00f3mo reconocer una estaci\u00f3n oficial?<\/h6><div id=\"faq-panel-63-alquilar-aparcar-y-devolver-344\" class=\"faqs__panel\" role=\"region\" aria-labelledby=\"faq-63-alquilar-aparcar-y-devolver-344\"><p>Todas las estaciones est\u00e1n marcadas en el mapa de la aplicaci\u00f3n y podr\u00e1s diferenciar el tipo de veh\u00edculo al que pertenecen mediante sus iconos.<\/p>\n<\/div><h6 id=\"faq-63-alquilar-aparcar-y-devolver-336\" class=\"faqs__accordion\" tabindex=\"0\" role=\"button\" aria-expanded=\"false\" aria-controls=\"faq-panel-63-alquilar-aparcar-y-devolver-336\"><i role=\"presentation\" class=\"icon icon-plus\"><\/i>\u00bfC\u00f3mo devuelvo mi veh\u00edculo?<\/h6><div id=\"faq-panel-63-alquilar-aparcar-y-devolver-336\" class=\"faqs__panel\" role=\"region\" aria-labelledby=\"faq-63-alquilar-aparcar-y-devolver-336\"><p>El proceso de devoluci\u00f3n difiere seg\u00fan el tipo de veh\u00edculo pero la aplicaci\u00f3n te dar\u00e1 instrucciones para devolver el veh\u00edculo que has alquilado.<\/p>\n<p>Tambi\u00e9n puedes consultar la secci\u00f3n \u00ab\u00bbc\u00f3mo funciona\u00bb\u00bb de la p\u00e1gina web para tener informaci\u00f3n detallada.<\/p>\n<\/div><h6 id=\"faq-63-alquilar-aparcar-y-devolver-330\" class=\"faqs__accordion\" tabindex=\"0\" role=\"button\" aria-expanded=\"false\" aria-controls=\"faq-panel-63-alquilar-aparcar-y-devolver-330\"><i role=\"presentation\" class=\"icon icon-plus\"><\/i>\u00bfD\u00f3nde puedo alquilar?<\/h6><div id=\"faq-panel-63-alquilar-aparcar-y-devolver-330\" class=\"faqs__panel\" role=\"region\" aria-labelledby=\"faq-63-alquilar-aparcar-y-devolver-330\"><p>Los veh\u00edculos del servicio solo pueden ser alquilados en las estaciones oficiales espec\u00edficas para cada tipo de veh\u00edculo. En el mapa de localizaci\u00f3n de tu aplicaci\u00f3n puedes ver f\u00e1cilmente d\u00f3nde se encuentran las estaciones disponibles para cada tipo de veh\u00edculo.<\/p>\n<\/div><\/div><div class=\"ppi_col-xs-12 ppi_col-md-6 faqs__items__column\"><h6 id=\"faq-63-alquilar-aparcar-y-devolver-353\" class=\"faqs__accordion\" tabindex=\"0\" role=\"button\" aria-expanded=\"false\" aria-controls=\"faq-panel-63-alquilar-aparcar-y-devolver-353\"><i role=\"presentation\" class=\"icon icon-plus\"><\/i>El veh\u00edculo no se libera. \u00bfQu\u00e9 debo hacer?<\/h6><div id=\"faq-panel-63-alquilar-aparcar-y-devolver-353\" class=\"faqs__panel\" role=\"region\" aria-labelledby=\"faq-63-alquilar-aparcar-y-devolver-353\"><p>Informa de lo sucedido en el +34 928 446 000 (010), en info@moxsi.es o a trav\u00e9s de la app en informar de un problema. <\/p>\n<\/div><h6 id=\"faq-63-alquilar-aparcar-y-devolver-347\" class=\"faqs__accordion\" tabindex=\"0\" role=\"button\" aria-expanded=\"false\" aria-controls=\"faq-panel-63-alquilar-aparcar-y-devolver-347\"><i role=\"presentation\" class=\"icon icon-plus\"><\/i>\u00bfPuedo pausar mi veh\u00edculo durante el alquiler?<\/h6><div id=\"faq-panel-63-alquilar-aparcar-y-devolver-347\" class=\"faqs__panel\" role=\"region\" aria-labelledby=\"faq-63-alquilar-aparcar-y-devolver-347\"><p>S\u00ed puedes.<br \/>\nLa aplicaci\u00f3n del servicio te mostrar\u00e1 paso a paso como aparcar el veh\u00edculo que alquilas para poder asegurarlo durante el tiempo que desees. El tiempo de alquiler contin\u00faa.<\/p>\n<\/div><h6 id=\"faq-63-alquilar-aparcar-y-devolver-339\" class=\"faqs__accordion\" tabindex=\"0\" role=\"button\" aria-expanded=\"false\" aria-controls=\"faq-panel-63-alquilar-aparcar-y-devolver-339\"><i role=\"presentation\" class=\"icon icon-plus\"><\/i>\u00bfQu\u00e9 hago si un terminal no funciona?<\/h6><div id=\"faq-panel-63-alquilar-aparcar-y-devolver-339\" class=\"faqs__panel\" role=\"region\" aria-labelledby=\"faq-63-alquilar-aparcar-y-devolver-339\"><p>Informa a nuestro servicio mediante la app, tel\u00e9fono o correo electr\u00f3nico sobre el defecto para que podamos solucionarlo r\u00e1pidamente.<\/p>\n<\/div><h6 id=\"faq-63-alquilar-aparcar-y-devolver-333\" class=\"faqs__accordion\" tabindex=\"0\" role=\"button\" aria-expanded=\"false\" aria-controls=\"faq-panel-63-alquilar-aparcar-y-devolver-333\"><i role=\"presentation\" class=\"icon icon-plus\"><\/i>\u00bfD\u00f3nde puedo devolver mi veh\u00edculo?<\/h6><div id=\"faq-panel-63-alquilar-aparcar-y-devolver-333\" class=\"faqs__panel\" role=\"region\" aria-labelledby=\"faq-63-alquilar-aparcar-y-devolver-333\"><p>Los veh\u00edculos del serivico solo pueden devolverse en estaciones oficiales espec\u00edficas para el tipo de veh\u00edculo que has alquilado. En el mapa de localizaci\u00f3n de tu aplicaci\u00f3n puedes ver f\u00e1cilmente d\u00f3nde est\u00e1 la siguiente estaci\u00f3n disponible para el veh\u00edculo que deseas devolver.<\/p>\n<\/div><h6 id=\"faq-63-alquilar-aparcar-y-devolver-327\" class=\"faqs__accordion\" tabindex=\"0\" role=\"button\" aria-expanded=\"false\" aria-controls=\"faq-panel-63-alquilar-aparcar-y-devolver-327\"><i role=\"presentation\" class=\"icon icon-plus\"><\/i>\u00bfC\u00f3mo funciona Moxsi?<\/h6><div id=\"faq-panel-63-alquilar-aparcar-y-devolver-327\" class=\"faqs__panel\" role=\"region\" aria-labelledby=\"faq-63-alquilar-aparcar-y-devolver-327\"><p>Reg\u00edstrate f\u00e1cil y gratuitamente a trav\u00e9s de la app o la p\u00e1gina web. Los veh\u00edculos del servicio se pueden alquilar a trav\u00e9s de la aplicaci\u00f3n Moxsi. Tienes informaci\u00f3n sobre los procesos de alquiler de cada tipo de veh\u00edculo en la aplicaci\u00f3n del servicio. Nuestro sitio web tambi\u00e9n explica qu\u00e9 tipos de veh\u00edculos est\u00e1n disponibles y c\u00f3mo funciona cada uno de ellos.<\/p>\n<\/div><\/div><\/div><div class=\"ppi_row faqs__items__row\"><div class=\"ppi_col-xs-12\"><h3>Nuestras vehiculos<\/h3><\/div><div class=\"ppi_col-xs-12 ppi_col-md-6 faqs__items__column\"><h6 id=\"faq-63-nuestras-vehiculos-362\" class=\"faqs__accordion\" tabindex=\"0\" role=\"button\" aria-expanded=\"false\" aria-controls=\"faq-panel-63-nuestras-vehiculos-362\"><i role=\"presentation\" class=\"icon icon-plus\"><\/i>\u00bfCu\u00e1l es la carga m\u00e1xima?<\/h6><div id=\"faq-panel-63-nuestras-vehiculos-362\" class=\"faqs__panel\" role=\"region\" aria-labelledby=\"faq-63-nuestras-vehiculos-362\"><p>La carga m\u00e1xima de nuestros veh\u00edculos es de 100 kg, de los cuales un m\u00e1ximo de 5 kg pueden transportarse en la cesta en caso de disponer de ella.<\/p>\n<\/div><\/div><div class=\"ppi_col-xs-12 ppi_col-md-6 faqs__items__column\"><h6 id=\"faq-63-nuestras-vehiculos-357\" class=\"faqs__accordion\" tabindex=\"0\" role=\"button\" aria-expanded=\"false\" aria-controls=\"faq-panel-63-nuestras-vehiculos-357\"><i role=\"presentation\" class=\"icon icon-plus\"><\/i>\u00bfQu\u00e9 tipos de veh\u00edculos se pueden alquilar?<\/h6><div id=\"faq-panel-63-nuestras-vehiculos-357\" class=\"faqs__panel\" role=\"region\" aria-labelledby=\"faq-63-nuestras-vehiculos-357\"><p>Puedes saber qu\u00e9 veh\u00edculos est\u00e1n disponibles en nuestro sitio web.<br \/>\nTambi\u00e9n puedes utilizar el mapa de la aplicaci\u00f3n para buscar un tipo de veh\u00edculo concreto.<\/p>\n<\/div><\/div><\/div><div class=\"ppi_row faqs__items__row\"><div class=\"ppi_col-xs-12\"><h3>Tarifas y condiciones<\/h3><\/div><div class=\"ppi_col-xs-12 ppi_col-md-6 faqs__items__column\"><h6 id=\"faq-63-tarifas-y-condiciones-373\" class=\"faqs__accordion\" tabindex=\"0\" role=\"button\" aria-expanded=\"false\" aria-controls=\"faq-panel-63-tarifas-y-condiciones-373\"><i role=\"presentation\" class=\"icon icon-plus\"><\/i>\u00bfHay descuentos para estudiantes?<\/h6><div id=\"faq-panel-63-tarifas-y-condiciones-373\" class=\"faqs__panel\" role=\"region\" aria-labelledby=\"faq-63-tarifas-y-condiciones-373\"><p>Colaboramos con la Universidad de Las Palmas de Gran Canaria (ULPGC) y sus estudiantes disponen de un abono anual a precio reducido, 35 euros.  Deber\u00e1s registrar tu cuenta con la direcci\u00f3n de correo electr\u00f3nico de la universidad para poder acceder a este beneficio.<\/p>\n<\/div><h6 id=\"faq-63-tarifas-y-condiciones-367\" class=\"faqs__accordion\" tabindex=\"0\" role=\"button\" aria-expanded=\"false\" aria-controls=\"faq-panel-63-tarifas-y-condiciones-367\"><i role=\"presentation\" class=\"icon icon-plus\"><\/i>\u00bfCu\u00e1nto cuesta Moxsi y qu\u00e9 tipos de abonos hay disponibles?<\/h6><div id=\"faq-panel-63-tarifas-y-condiciones-367\" class=\"faqs__panel\" role=\"region\" aria-labelledby=\"faq-63-tarifas-y-condiciones-367\"><p><span data-sheets-value=\"{&quot;1&quot;:2,&quot;2&quot;:&quot;Puedes consultar las tarifas disponibles para cada tipo de veh\u00edculo en el apartado precios de la web o de la aplicaci\u00f3n.&quot;}\" data-sheets-userformat=\"{&quot;2&quot;:7107,&quot;3&quot;:{&quot;1&quot;:0},&quot;4&quot;:{&quot;1&quot;:2,&quot;2&quot;:11982760},&quot;9&quot;:0,&quot;10&quot;:0,&quot;11&quot;:4,&quot;12&quot;:0,&quot;14&quot;:{&quot;1&quot;:2,&quot;2&quot;:0},&quot;15&quot;:&quot;Arial&quot;}\">Puedes consultar las tarifas disponibles para cada tipo de veh\u00edculo en el apartado precios de la web o de la aplicaci\u00f3n.<\/span><\/p>\n<p>A los precios de<\/p>\n<ul>\n<li><a href=\"https:\/\/www.moxsi.es\/sitycleta\/es\/#tarifas\">Bicicletas y bicicletas el\u00e9ctricas<\/a><\/li>\n<li><a href=\"https:\/\/www.moxsi.es\/sityneta\/es\/#tarifas\">Patinetes<\/a><\/li>\n<\/ul>\n<\/div><\/div><div class=\"ppi_col-xs-12 ppi_col-md-6 faqs__items__column\"><h6 id=\"faq-63-tarifas-y-condiciones-368\" class=\"faqs__accordion\" tabindex=\"0\" role=\"button\" aria-expanded=\"false\" aria-controls=\"faq-panel-63-tarifas-y-condiciones-368\"><i role=\"presentation\" class=\"icon icon-plus\"><\/i>\u00bfC\u00f3mo puedo anular un abono o suscripci\u00f3n?<\/h6><div id=\"faq-panel-63-tarifas-y-condiciones-368\" class=\"faqs__panel\" role=\"region\" aria-labelledby=\"faq-63-tarifas-y-condiciones-368\"><p><span data-sheets-value=\"{&quot;1&quot;:2,&quot;2&quot;:&quot;Ninguno de nuestros abonos se prorrogan autom\u00e1ticamente, no es necesario cancelarlos.&quot;}\" data-sheets-userformat=\"{&quot;2&quot;:5059,&quot;3&quot;:{&quot;1&quot;:0},&quot;4&quot;:{&quot;1&quot;:2,&quot;2&quot;:11982760},&quot;9&quot;:1,&quot;10&quot;:0,&quot;11&quot;:4,&quot;12&quot;:0,&quot;15&quot;:&quot;Arial&quot;}\">Ninguno de nuestros abonos se prorrogan autom\u00e1ticamente, no es necesario cancelarlos.<\/span><\/p>\n<p><span data-sheets-value=\"{&quot;1&quot;:2,&quot;2&quot;:&quot;Ninguno de nuestros abonos se prorrogan autom\u00e1ticamente, no es necesario cancelarlos.&quot;}\" data-sheets-userformat=\"{&quot;2&quot;:5059,&quot;3&quot;:{&quot;1&quot;:0},&quot;4&quot;:{&quot;1&quot;:2,&quot;2&quot;:11982760},&quot;9&quot;:1,&quot;10&quot;:0,&quot;11&quot;:4,&quot;12&quot;:0,&quot;15&quot;:&quot;Arial&quot;}\">Para cancelar una suscripci\u00f3n, entra en la aplicaci\u00f3n, pulsa en el men\u00fa desplegable (bot\u00f3n de la esquina superior izquierda) y elige \u00abmi cuenta\u00bb, ahora pulsa en \u00absuscripci\u00f3n\u00bb y podr\u00e1s ver la modalidad activa, los d\u00edas que restan para su finalizaci\u00f3n y la fecha exacta en la que se renovar\u00e1. Para que esto no ocurra, solo tiene que pulsar el bot\u00f3n \u00abcancelar suscripci\u00f3n\u00bb.<\/span><\/p>\n<\/div><\/div><\/div><\/div><\/div>[\/vc_column][\/vc_row]<\/p>\n<\/div>","protected":false},"excerpt":{"rendered":"<p>[vc_row ppi_row_padding=\u00bbppi_remove_padding_top\u00bb][vc_column][\/vc_column][\/vc_row][vc_row ppi_row_type=\u00bbppi_bg_black\u00bb full_width=\u00bbstretch_row\u00bb][vc_column][\/vc_column][\/vc_row]<\/p>\n","protected":false},"author":5,"featured_media":0,"parent":0,"menu_order":0,"comment_status":"closed","ping_status":"closed","template":"","meta":{"_acf_changed":false,"inline_featured_image":false,"footnotes":""},"class_list":["post-106","page","type-page","status-publish","hentry"],"acf":[],"yoast_head":"<!-- This site is optimized with the Yoast SEO plugin v27.2 - https:\/\/yoast.com\/product\/yoast-seo-wordpress\/ -->\n<title>FAQ - Moxsi<\/title>\n<meta name=\"robots\" content=\"index, follow, max-snippet:-1, max-image-preview:large, max-video-preview:-1\" \/>\n<link rel=\"canonical\" href=\"https:\/\/www.moxsi.es\/es\/faq\/\" \/>\n<meta property=\"og:locale\" content=\"es_ES\" \/>\n<meta property=\"og:type\" content=\"article\" \/>\n<meta property=\"og:title\" content=\"FAQ - Moxsi\" \/>\n<meta property=\"og:description\" content=\"[vc_row ppi_row_padding=\u00bbppi_remove_padding_top\u00bb][vc_column][\/vc_column][\/vc_row][vc_row ppi_row_type=\u00bbppi_bg_black\u00bb full_width=\u00bbstretch_row\u00bb][vc_column][\/vc_column][\/vc_row]\" \/>\n<meta property=\"og:url\" content=\"https:\/\/www.moxsi.es\/es\/faq\/\" \/>\n<meta property=\"og:site_name\" content=\"Moxsi\" \/>\n<meta property=\"article:modified_time\" content=\"2023-05-17T11:04:32+00:00\" \/>\n<meta name=\"twitter:card\" content=\"summary_large_image\" \/>\n<script type=\"application\/ld+json\" class=\"yoast-schema-graph\">{\"@context\":\"https:\/\/schema.org\",\"@graph\":[{\"@type\":\"WebPage\",\"@id\":\"https:\/\/www.moxsi.es\/es\/faq\/\",\"url\":\"https:\/\/www.moxsi.es\/es\/faq\/\",\"name\":\"FAQ - Moxsi\",\"isPartOf\":{\"@id\":\"https:\/\/www.moxsi.es\/es\/#website\"},\"datePublished\":\"2022-08-11T10:13:22+00:00\",\"dateModified\":\"2023-05-17T11:04:32+00:00\",\"breadcrumb\":{\"@id\":\"https:\/\/www.moxsi.es\/es\/faq\/#breadcrumb\"},\"inLanguage\":\"es\",\"potentialAction\":[{\"@type\":\"ReadAction\",\"target\":[\"https:\/\/www.moxsi.es\/es\/faq\/\"]}]},{\"@type\":\"BreadcrumbList\",\"@id\":\"https:\/\/www.moxsi.es\/es\/faq\/#breadcrumb\",\"itemListElement\":[{\"@type\":\"ListItem\",\"position\":1,\"name\":\"Startseite\",\"item\":\"https:\/\/www.moxsi.es\/es\/\"},{\"@type\":\"ListItem\",\"position\":2,\"name\":\"FAQ\"}]},{\"@type\":\"WebSite\",\"@id\":\"https:\/\/www.moxsi.es\/es\/#website\",\"url\":\"https:\/\/www.moxsi.es\/es\/\",\"name\":\"Moxsi\",\"description\":\"Eine weitere Nextbike Websites Website\",\"potentialAction\":[{\"@type\":\"SearchAction\",\"target\":{\"@type\":\"EntryPoint\",\"urlTemplate\":\"https:\/\/www.moxsi.es\/es\/?s={search_term_string}\"},\"query-input\":{\"@type\":\"PropertyValueSpecification\",\"valueRequired\":true,\"valueName\":\"search_term_string\"}}],\"inLanguage\":\"es\"}]}<\/script>\n<!-- \/ Yoast SEO plugin. -->","yoast_head_json":{"title":"FAQ - Moxsi","robots":{"index":"index","follow":"follow","max-snippet":"max-snippet:-1","max-image-preview":"max-image-preview:large","max-video-preview":"max-video-preview:-1"},"canonical":"https:\/\/www.moxsi.es\/es\/faq\/","og_locale":"es_ES","og_type":"article","og_title":"FAQ - Moxsi","og_description":"[vc_row ppi_row_padding=\u00bbppi_remove_padding_top\u00bb][vc_column][\/vc_column][\/vc_row][vc_row ppi_row_type=\u00bbppi_bg_black\u00bb full_width=\u00bbstretch_row\u00bb][vc_column][\/vc_column][\/vc_row]","og_url":"https:\/\/www.moxsi.es\/es\/faq\/","og_site_name":"Moxsi","article_modified_time":"2023-05-17T11:04:32+00:00","twitter_card":"summary_large_image","schema":{"@context":"https:\/\/schema.org","@graph":[{"@type":"WebPage","@id":"https:\/\/www.moxsi.es\/es\/faq\/","url":"https:\/\/www.moxsi.es\/es\/faq\/","name":"FAQ - Moxsi","isPartOf":{"@id":"https:\/\/www.moxsi.es\/es\/#website"},"datePublished":"2022-08-11T10:13:22+00:00","dateModified":"2023-05-17T11:04:32+00:00","breadcrumb":{"@id":"https:\/\/www.moxsi.es\/es\/faq\/#breadcrumb"},"inLanguage":"es","potentialAction":[{"@type":"ReadAction","target":["https:\/\/www.moxsi.es\/es\/faq\/"]}]},{"@type":"BreadcrumbList","@id":"https:\/\/www.moxsi.es\/es\/faq\/#breadcrumb","itemListElement":[{"@type":"ListItem","position":1,"name":"Startseite","item":"https:\/\/www.moxsi.es\/es\/"},{"@type":"ListItem","position":2,"name":"FAQ"}]},{"@type":"WebSite","@id":"https:\/\/www.moxsi.es\/es\/#website","url":"https:\/\/www.moxsi.es\/es\/","name":"Moxsi","description":"Eine weitere Nextbike Websites Website","potentialAction":[{"@type":"SearchAction","target":{"@type":"EntryPoint","urlTemplate":"https:\/\/www.moxsi.es\/es\/?s={search_term_string}"},"query-input":{"@type":"PropertyValueSpecification","valueRequired":true,"valueName":"search_term_string"}}],"inLanguage":"es"}]}},"_links":{"self":[{"href":"https:\/\/www.moxsi.es\/es\/wp-json\/wp\/v2\/pages\/106","targetHints":{"allow":["GET"]}}],"collection":[{"href":"https:\/\/www.moxsi.es\/es\/wp-json\/wp\/v2\/pages"}],"about":[{"href":"https:\/\/www.moxsi.es\/es\/wp-json\/wp\/v2\/types\/page"}],"author":[{"embeddable":true,"href":"https:\/\/www.moxsi.es\/es\/wp-json\/wp\/v2\/users\/5"}],"replies":[{"embeddable":true,"href":"https:\/\/www.moxsi.es\/es\/wp-json\/wp\/v2\/comments?post=106"}],"version-history":[{"count":1,"href":"https:\/\/www.moxsi.es\/es\/wp-json\/wp\/v2\/pages\/106\/revisions"}],"predecessor-version":[{"id":107,"href":"https:\/\/www.moxsi.es\/es\/wp-json\/wp\/v2\/pages\/106\/revisions\/107"}],"wp:attachment":[{"href":"https:\/\/www.moxsi.es\/es\/wp-json\/wp\/v2\/media?parent=106"}],"curies":[{"name":"wp","href":"https:\/\/api.w.org\/{rel}","templated":true}]}}