{"id":117,"date":"2022-11-15T07:57:06","date_gmt":"2022-11-15T06:57:06","guid":{"rendered":"https:\/\/nextbike-live.pluspol-networks.de\/moxsi\/derecho-de-desistimiento\/"},"modified":"2023-05-17T13:10:37","modified_gmt":"2023-05-17T11:10:37","slug":"derecho-de-desistimiento","status":"publish","type":"page","link":"https:\/\/www.moxsi.es\/es\/derecho-de-desistimiento\/","title":{"rendered":"Derecho de desistimiento"},"content":{"rendered":"<div class=\"wpb-content-wrapper\"><p>[vc_row][vc_column][vc_column_text]<h1>Pol\u00edtica de anulaci\u00f3n<\/h1>\n<h4>Esta pol\u00edtica de cancelaci\u00f3n se aplica a la conclusi\u00f3n de tarifas de abono, no a los viajes de la tarifa b\u00e1sica.<\/h4>\n<p><strong>Derecho de retractaci\u00f3n<\/strong><br \/>\nTiene derecho a rescindir el presente contrato en un plazo de catorce d\u00edas sin necesidad de justificaci\u00f3n.<\/p>\n<p>El plazo de cancelaci\u00f3n es de catorce d\u00edas a partir de la fecha de celebraci\u00f3n del contrato.<\/p>\n<p>Para ejercer su derecho de desistimiento, deber\u00e1 informarnos (SAGULPA,\u00a0Alcalde Jos\u00e9 Ram\u00edrez Bethencourt 33, 35004 Las Palmas de Gran Canaria;\u00a0<a href=\"mailto:info@sitycleta.com\">info@sitycleta.com<\/a>) mediante una declaraci\u00f3n clara (por ejemplo, una carta enviada por correo postal, fax o correo electr\u00f3nico) de su decisi\u00f3n de desistir del presente contrato. Para ello, puede utilizar el modelo de formulario de desistimiento adjunto, que, sin embargo, no es obligatorio.<\/p>\n<p>Para cumplir el plazo de desistimiento, basta con que env\u00ede la notificaci\u00f3n del ejercicio del derecho de desistimiento antes de que expire el plazo de desistimiento.<\/p>\n<p>&nbsp;<\/p>\n<p><strong>Consecuencias de la revocaci\u00f3n<\/strong><\/p>\n<p>Si desiste del presente contrato, deberemos reembolsarle todos los pagos que hayamos recibido de usted, incluidos los gastos de entrega (con la excepci\u00f3n de los gastos adicionales resultantes del hecho de que usted haya elegido un tipo de entrega distinto de la entrega est\u00e1ndar m\u00e1s barata ofrecida por nosotros), sin demora y a m\u00e1s tardar en un plazo de catorce d\u00edas a partir del d\u00eda en que hayamos recibido la notificaci\u00f3n de su desistimiento del presente contrato. Para este reembolso, utilizaremos el mismo medio de pago que usted utiliz\u00f3 para la transacci\u00f3n original, a menos que se acuerde expresamente otra cosa con usted; en ning\u00fan caso se le cobrar\u00e1n comisiones por este reembolso.<\/p>\n<p>Si ha solicitado que los servicios comiencen durante el periodo de desistimiento, deber\u00e1 abonarnos un importe razonable correspondiente a la proporci\u00f3n de los servicios ya prestados hasta el momento en que nos notifique el ejercicio del derecho de desistimiento con respecto a este contrato en comparaci\u00f3n con el alcance total de los servicios previstos en el contrato.<\/p>\n<a aria-label=\"Se abre en una nueva pesta\u00f1a\" href=\"https:\/\/www.moxsi.es\/wp-content\/uploads\/sites\/63\/2023\/05\/bubble-APP.svg\" target=\"_blank\" class=\"ppi_withdrawal_download_link\"><strong> <\/strong><\/a>[\/vc_column_text][\/vc_column][\/vc_row]<\/p>\n<\/div>","protected":false},"excerpt":{"rendered":"<p>[vc_row][vc_column][vc_column_text][\/vc_column_text][\/vc_column][\/vc_row]<\/p>\n","protected":false},"author":5,"featured_media":0,"parent":0,"menu_order":0,"comment_status":"closed","ping_status":"closed","template":"","meta":{"_acf_changed":false,"inline_featured_image":false,"footnotes":""},"class_list":["post-117","page","type-page","status-publish","hentry"],"acf":[],"yoast_head":"<!-- This site is optimized with the Yoast SEO plugin v27.2 - https:\/\/yoast.com\/product\/yoast-seo-wordpress\/ -->\n<title>Derecho de desistimiento - Moxsi<\/title>\n<meta name=\"robots\" content=\"index, follow, max-snippet:-1, max-image-preview:large, max-video-preview:-1\" \/>\n<link rel=\"canonical\" href=\"https:\/\/www.moxsi.es\/es\/derecho-de-desistimiento\/\" \/>\n<meta property=\"og:locale\" content=\"es_ES\" \/>\n<meta property=\"og:type\" content=\"article\" \/>\n<meta property=\"og:title\" content=\"Derecho de desistimiento - Moxsi\" \/>\n<meta property=\"og:description\" content=\"[vc_row][vc_column][vc_column_text][\/vc_column_text][\/vc_column][\/vc_row]\" \/>\n<meta property=\"og:url\" content=\"https:\/\/www.moxsi.es\/es\/derecho-de-desistimiento\/\" \/>\n<meta property=\"og:site_name\" content=\"Moxsi\" \/>\n<meta property=\"article:modified_time\" content=\"2023-05-17T11:10:37+00:00\" \/>\n<meta name=\"twitter:card\" content=\"summary_large_image\" \/>\n<script type=\"application\/ld+json\" class=\"yoast-schema-graph\">{\"@context\":\"https:\/\/schema.org\",\"@graph\":[{\"@type\":\"WebPage\",\"@id\":\"https:\/\/www.moxsi.es\/es\/derecho-de-desistimiento\/\",\"url\":\"https:\/\/www.moxsi.es\/es\/derecho-de-desistimiento\/\",\"name\":\"Derecho de desistimiento - Moxsi\",\"isPartOf\":{\"@id\":\"https:\/\/www.moxsi.es\/es\/#website\"},\"datePublished\":\"2022-11-15T06:57:06+00:00\",\"dateModified\":\"2023-05-17T11:10:37+00:00\",\"breadcrumb\":{\"@id\":\"https:\/\/www.moxsi.es\/es\/derecho-de-desistimiento\/#breadcrumb\"},\"inLanguage\":\"es\",\"potentialAction\":[{\"@type\":\"ReadAction\",\"target\":[\"https:\/\/www.moxsi.es\/es\/derecho-de-desistimiento\/\"]}]},{\"@type\":\"BreadcrumbList\",\"@id\":\"https:\/\/www.moxsi.es\/es\/derecho-de-desistimiento\/#breadcrumb\",\"itemListElement\":[{\"@type\":\"ListItem\",\"position\":1,\"name\":\"Startseite\",\"item\":\"https:\/\/www.moxsi.es\/es\/\"},{\"@type\":\"ListItem\",\"position\":2,\"name\":\"Derecho de desistimiento\"}]},{\"@type\":\"WebSite\",\"@id\":\"https:\/\/www.moxsi.es\/es\/#website\",\"url\":\"https:\/\/www.moxsi.es\/es\/\",\"name\":\"Moxsi\",\"description\":\"Eine weitere Nextbike Websites Website\",\"potentialAction\":[{\"@type\":\"SearchAction\",\"target\":{\"@type\":\"EntryPoint\",\"urlTemplate\":\"https:\/\/www.moxsi.es\/es\/?s={search_term_string}\"},\"query-input\":{\"@type\":\"PropertyValueSpecification\",\"valueRequired\":true,\"valueName\":\"search_term_string\"}}],\"inLanguage\":\"es\"}]}<\/script>\n<!-- \/ Yoast SEO plugin. -->","yoast_head_json":{"title":"Derecho de desistimiento - Moxsi","robots":{"index":"index","follow":"follow","max-snippet":"max-snippet:-1","max-image-preview":"max-image-preview:large","max-video-preview":"max-video-preview:-1"},"canonical":"https:\/\/www.moxsi.es\/es\/derecho-de-desistimiento\/","og_locale":"es_ES","og_type":"article","og_title":"Derecho de desistimiento - Moxsi","og_description":"[vc_row][vc_column][vc_column_text][\/vc_column_text][\/vc_column][\/vc_row]","og_url":"https:\/\/www.moxsi.es\/es\/derecho-de-desistimiento\/","og_site_name":"Moxsi","article_modified_time":"2023-05-17T11:10:37+00:00","twitter_card":"summary_large_image","schema":{"@context":"https:\/\/schema.org","@graph":[{"@type":"WebPage","@id":"https:\/\/www.moxsi.es\/es\/derecho-de-desistimiento\/","url":"https:\/\/www.moxsi.es\/es\/derecho-de-desistimiento\/","name":"Derecho de desistimiento - Moxsi","isPartOf":{"@id":"https:\/\/www.moxsi.es\/es\/#website"},"datePublished":"2022-11-15T06:57:06+00:00","dateModified":"2023-05-17T11:10:37+00:00","breadcrumb":{"@id":"https:\/\/www.moxsi.es\/es\/derecho-de-desistimiento\/#breadcrumb"},"inLanguage":"es","potentialAction":[{"@type":"ReadAction","target":["https:\/\/www.moxsi.es\/es\/derecho-de-desistimiento\/"]}]},{"@type":"BreadcrumbList","@id":"https:\/\/www.moxsi.es\/es\/derecho-de-desistimiento\/#breadcrumb","itemListElement":[{"@type":"ListItem","position":1,"name":"Startseite","item":"https:\/\/www.moxsi.es\/es\/"},{"@type":"ListItem","position":2,"name":"Derecho de desistimiento"}]},{"@type":"WebSite","@id":"https:\/\/www.moxsi.es\/es\/#website","url":"https:\/\/www.moxsi.es\/es\/","name":"Moxsi","description":"Eine weitere Nextbike Websites Website","potentialAction":[{"@type":"SearchAction","target":{"@type":"EntryPoint","urlTemplate":"https:\/\/www.moxsi.es\/es\/?s={search_term_string}"},"query-input":{"@type":"PropertyValueSpecification","valueRequired":true,"valueName":"search_term_string"}}],"inLanguage":"es"}]}},"_links":{"self":[{"href":"https:\/\/www.moxsi.es\/es\/wp-json\/wp\/v2\/pages\/117","targetHints":{"allow":["GET"]}}],"collection":[{"href":"https:\/\/www.moxsi.es\/es\/wp-json\/wp\/v2\/pages"}],"about":[{"href":"https:\/\/www.moxsi.es\/es\/wp-json\/wp\/v2\/types\/page"}],"author":[{"embeddable":true,"href":"https:\/\/www.moxsi.es\/es\/wp-json\/wp\/v2\/users\/5"}],"replies":[{"embeddable":true,"href":"https:\/\/www.moxsi.es\/es\/wp-json\/wp\/v2\/comments?post=117"}],"version-history":[{"count":1,"href":"https:\/\/www.moxsi.es\/es\/wp-json\/wp\/v2\/pages\/117\/revisions"}],"predecessor-version":[{"id":118,"href":"https:\/\/www.moxsi.es\/es\/wp-json\/wp\/v2\/pages\/117\/revisions\/118"}],"wp:attachment":[{"href":"https:\/\/www.moxsi.es\/es\/wp-json\/wp\/v2\/media?parent=117"}],"curies":[{"name":"wp","href":"https:\/\/api.w.org\/{rel}","templated":true}]}}